{"id":647,"date":"2024-03-23T22:07:18","date_gmt":"2024-03-23T22:07:18","guid":{"rendered":"https:\/\/periccamping.com\/?post_type=product&#038;p=647"},"modified":"2024-08-16T12:06:24","modified_gmt":"2024-08-16T12:06:24","slug":"fendt-510","status":"publish","type":"product","link":"https:\/\/periccamping.com\/en\/ponuda\/fendt-510\/","title":{"rendered":"Fendt 510 TG"},"content":{"rendered":"<p>Kamp prikolica Fendt 510 Topas iz 2004. godine predstavlja savr\u0161en izbor za ljubitelje kampovanja koji tra\u017ee pouzdano i komforno re\u0161enje. Ova polovna prikolica, proizvedena od strane renomiranog brenda Fendt, odlikuje se izuzetnom izdr\u017eljivo\u0161\u0107u i pa\u017eljivo dizajniranim enterijerom, pru\u017eaju\u0107i vrhunski nivo udobnosti tokom va\u0161ih avantura.<\/p>\n<p>Prikolica ima maksimalnu dozvoljenu masu od 1500 kg, dok njena sopstvena masa iznosi 1210 kg, \u0161to omogu\u0107ava lako manevrisanje i transport. Fendt 510 Topas nudi prostran i funkcionalan enterijer, idealan za sve va\u0161e potrebe tokom putovanja. Bez obzira da li planirate kra\u0107i vikend izlet ili du\u017ei odmor, ova kamp prikolica \u0107e vam obezbediti nezaboravno iskustvo na putu. Stanje prikolice je polovno, ali pa\u017eljivo odr\u017eavano, spremno za nove avanture.<\/p>","protected":false},"excerpt":{"rendered":"<p>Kamp prikolica Fendt 510 Topas iz 2004. godine predstavlja savr\u0161en izbor za ljubitelje kampovanja koji tra\u017ee pouzdano i komforno re\u0161enje. Ova polovna prikolica, proizvedena od strane renomiranog brenda Fendt, odlikuje se izuzetnom izdr\u017eljivo\u0161\u0107u i pa\u017eljivo dizajniranim enterijerom, pru\u017eaju\u0107i vrhunski nivo udobnosti tokom va\u0161ih avantura. Prikolica ima maksimalnu dozvoljenu masu od 1500 kg, dok njena sopstvena [&hellip;]<\/p>","protected":false},"featured_media":1484,"comment_status":"open","ping_status":"closed","template":"","meta":{"site-sidebar-layout":"default","site-content-layout":"","ast-site-content-layout":"default","site-content-style":"default","site-sidebar-style":"default","ast-global-header-display":"","ast-banner-title-visibility":"","ast-main-header-display":"","ast-hfb-above-header-display":"","ast-hfb-below-header-display":"","ast-hfb-mobile-header-display":"","site-post-title":"","ast-breadcrumbs-content":"","ast-featured-img":"","footer-sml-layout":"","theme-transparent-header-meta":"default","adv-header-id-meta":"","stick-header-meta":"","header-above-stick-meta":"","header-main-stick-meta":"","header-below-stick-meta":"","astra-migrate-meta-layouts":"set","ast-page-background-enabled":"default","ast-page-background-meta":{"desktop":{"background-color":"","background-image":"","background-repeat":"repeat","background-position":"center center","background-size":"auto","background-attachment":"scroll","background-type":"","background-media":"","overlay-type":"","overlay-color":"","overlay-opacity":"","overlay-gradient":""},"tablet":{"background-color":"","background-image":"","background-repeat":"repeat","background-position":"center center","background-size":"auto","background-attachment":"scroll","background-type":"","background-media":"","overlay-type":"","overlay-color":"","overlay-opacity":"","overlay-gradient":""},"mobile":{"background-color":"","background-image":"","background-repeat":"repeat","background-position":"center center","background-size":"auto","background-attachment":"scroll","background-type":"","background-media":"","overlay-type":"","overlay-color":"","overlay-opacity":"","overlay-gradient":""}},"ast-content-background-meta":{"desktop":{"background-color":"var(--ast-global-color-5)","background-image":"","background-repeat":"repeat","background-position":"center center","background-size":"auto","background-attachment":"scroll","background-type":"","background-media":"","overlay-type":"","overlay-color":"","overlay-opacity":"","overlay-gradient":""},"tablet":{"background-color":"var(--ast-global-color-5)","background-image":"","background-repeat":"repeat","background-position":"center center","background-size":"auto","background-attachment":"scroll","background-type":"","background-media":"","overlay-type":"","overlay-color":"","overlay-opacity":"","overlay-gradient":""},"mobile":{"background-color":"var(--ast-global-color-5)","background-image":"","background-repeat":"repeat","background-position":"center center","background-size":"auto","background-attachment":"scroll","background-type":"","background-media":"","overlay-type":"","overlay-color":"","overlay-opacity":"","overlay-gradient":""}}},"product_cat":[31],"product_tag":[],"class_list":{"0":"post-647","1":"product","2":"type-product","3":"status-publish","4":"has-post-thumbnail","6":"product_cat-prodate_kamp_prikolice","7":"desktop-align-left","8":"tablet-align-left","9":"mobile-align-left","11":"first","12":"outofstock","13":"sale","14":"virtual","15":"purchasable","16":"product-type-simple"},"yoast_head":"<!-- This site is optimized with the Yoast SEO plugin v23.3 - https:\/\/yoast.com\/wordpress\/plugins\/seo\/ -->\n<title>Fendt 510 TG - PericCamping.com<\/title>\n<meta name=\"robots\" content=\"index, follow, max-snippet:-1, max-image-preview:large, max-video-preview:-1\" \/>\n<link rel=\"canonical\" href=\"https:\/\/periccamping.com\/en\/ponuda\/fendt-510\/\" \/>\n<meta property=\"og:locale\" content=\"en_US\" \/>\n<meta property=\"og:type\" content=\"article\" \/>\n<meta property=\"og:title\" content=\"Fendt 510 TG - PericCamping.com\" \/>\n<meta property=\"og:description\" content=\"Kamp prikolica Fendt 510 Topas iz 2004. godine predstavlja savr\u0161en izbor za ljubitelje kampovanja koji tra\u017ee pouzdano i komforno re\u0161enje. Ova polovna prikolica, proizvedena od strane renomiranog brenda Fendt, odlikuje se izuzetnom izdr\u017eljivo\u0161\u0107u i pa\u017eljivo dizajniranim enterijerom, pru\u017eaju\u0107i vrhunski nivo udobnosti tokom va\u0161ih avantura. Prikolica ima maksimalnu dozvoljenu masu od 1500 kg, dok njena sopstvena [&hellip;]\" \/>\n<meta property=\"og:url\" content=\"https:\/\/periccamping.com\/en\/ponuda\/fendt-510\/\" \/>\n<meta property=\"og:site_name\" content=\"PericCamping.com\" \/>\n<meta property=\"article:publisher\" content=\"https:\/\/www.facebook.com\/profile.php?id=100057091614936\" \/>\n<meta property=\"article:modified_time\" content=\"2024-08-16T12:06:24+00:00\" \/>\n<meta property=\"og:image\" content=\"https:\/\/periccamping.com\/wp-content\/uploads\/2024\/08\/Image00006-1.jpg\" \/>\n\t<meta property=\"og:image:width\" content=\"804\" \/>\n\t<meta property=\"og:image:height\" content=\"804\" \/>\n\t<meta property=\"og:image:type\" content=\"image\/jpeg\" \/>\n<meta name=\"twitter:card\" content=\"summary_large_image\" \/>\n<meta name=\"twitter:label1\" content=\"Est. reading time\" \/>\n\t<meta name=\"twitter:data1\" content=\"1 minute\" \/>\n<script type=\"application\/ld+json\" class=\"yoast-schema-graph\">{\"@context\":\"https:\/\/schema.org\",\"@graph\":[{\"@type\":\"WebPage\",\"@id\":\"https:\/\/periccamping.com\/ponuda\/fendt-510\/\",\"url\":\"https:\/\/periccamping.com\/ponuda\/fendt-510\/\",\"name\":\"Fendt 510 TG - PericCamping.com\",\"isPartOf\":{\"@id\":\"https:\/\/periccamping.com\/#website\"},\"primaryImageOfPage\":{\"@id\":\"https:\/\/periccamping.com\/ponuda\/fendt-510\/#primaryimage\"},\"image\":{\"@id\":\"https:\/\/periccamping.com\/ponuda\/fendt-510\/#primaryimage\"},\"thumbnailUrl\":\"https:\/\/periccamping.com\/wp-content\/uploads\/2024\/08\/Image00006-1.jpg\",\"datePublished\":\"2024-03-23T22:07:18+00:00\",\"dateModified\":\"2024-08-16T12:06:24+00:00\",\"breadcrumb\":{\"@id\":\"https:\/\/periccamping.com\/ponuda\/fendt-510\/#breadcrumb\"},\"inLanguage\":\"en-US\",\"potentialAction\":[{\"@type\":\"ReadAction\",\"target\":[\"https:\/\/periccamping.com\/ponuda\/fendt-510\/\"]}]},{\"@type\":\"ImageObject\",\"inLanguage\":\"en-US\",\"@id\":\"https:\/\/periccamping.com\/ponuda\/fendt-510\/#primaryimage\",\"url\":\"https:\/\/periccamping.com\/wp-content\/uploads\/2024\/08\/Image00006-1.jpg\",\"contentUrl\":\"https:\/\/periccamping.com\/wp-content\/uploads\/2024\/08\/Image00006-1.jpg\",\"width\":804,\"height\":804},{\"@type\":\"BreadcrumbList\",\"@id\":\"https:\/\/periccamping.com\/ponuda\/fendt-510\/#breadcrumb\",\"itemListElement\":[{\"@type\":\"ListItem\",\"position\":1,\"name\":\"Home\",\"item\":\"https:\/\/periccamping.com\/\"},{\"@type\":\"ListItem\",\"position\":2,\"name\":\"Aktuelna ponuda\",\"item\":\"https:\/\/periccamping.com\/aktuelna_ponuda\/\"},{\"@type\":\"ListItem\",\"position\":3,\"name\":\"Fendt 510 TG\"}]},{\"@type\":\"WebSite\",\"@id\":\"https:\/\/periccamping.com\/#website\",\"url\":\"https:\/\/periccamping.com\/\",\"name\":\"PericCamping.com\",\"description\":\"Va\u0161a destinacija za savr\u0161ene kamp avanture\",\"publisher\":{\"@id\":\"https:\/\/periccamping.com\/#organization\"},\"alternateName\":\"Kamp prikolice Aleksandrovac \u017dupski\",\"potentialAction\":[{\"@type\":\"SearchAction\",\"target\":{\"@type\":\"EntryPoint\",\"urlTemplate\":\"https:\/\/periccamping.com\/?s={search_term_string}\"},\"query-input\":\"required name=search_term_string\"}],\"inLanguage\":\"en-US\"},{\"@type\":\"Organization\",\"@id\":\"https:\/\/periccamping.com\/#organization\",\"name\":\"PericCamping.com\",\"url\":\"https:\/\/periccamping.com\/\",\"logo\":{\"@type\":\"ImageObject\",\"inLanguage\":\"en-US\",\"@id\":\"https:\/\/periccamping.com\/#\/schema\/logo\/image\/\",\"url\":\"https:\/\/periccamping.com\/wp-content\/uploads\/2024\/07\/8-Image-by-brgfx-on-Freepik-scaled.jpg\",\"contentUrl\":\"https:\/\/periccamping.com\/wp-content\/uploads\/2024\/07\/8-Image-by-brgfx-on-Freepik-scaled.jpg\",\"width\":2560,\"height\":1336,\"caption\":\"PericCamping.com\"},\"image\":{\"@id\":\"https:\/\/periccamping.com\/#\/schema\/logo\/image\/\"},\"sameAs\":[\"https:\/\/www.facebook.com\/profile.php?id=100057091614936\"]}]}<\/script>\n<!-- \/ Yoast SEO plugin. -->","yoast_head_json":{"title":"Fendt 510 TG - PericCamping.com","robots":{"index":"index","follow":"follow","max-snippet":"max-snippet:-1","max-image-preview":"max-image-preview:large","max-video-preview":"max-video-preview:-1"},"canonical":"https:\/\/periccamping.com\/en\/ponuda\/fendt-510\/","og_locale":"en_US","og_type":"article","og_title":"Fendt 510 TG - PericCamping.com","og_description":"Kamp prikolica Fendt 510 Topas iz 2004. godine predstavlja savr\u0161en izbor za ljubitelje kampovanja koji tra\u017ee pouzdano i komforno re\u0161enje. Ova polovna prikolica, proizvedena od strane renomiranog brenda Fendt, odlikuje se izuzetnom izdr\u017eljivo\u0161\u0107u i pa\u017eljivo dizajniranim enterijerom, pru\u017eaju\u0107i vrhunski nivo udobnosti tokom va\u0161ih avantura. Prikolica ima maksimalnu dozvoljenu masu od 1500 kg, dok njena sopstvena [&hellip;]","og_url":"https:\/\/periccamping.com\/en\/ponuda\/fendt-510\/","og_site_name":"PericCamping.com","article_publisher":"https:\/\/www.facebook.com\/profile.php?id=100057091614936","article_modified_time":"2024-08-16T12:06:24+00:00","og_image":[{"width":804,"height":804,"url":"https:\/\/periccamping.com\/wp-content\/uploads\/2024\/08\/Image00006-1.jpg","type":"image\/jpeg"}],"twitter_card":"summary_large_image","twitter_misc":{"Est. reading time":"1 minute"},"schema":{"@context":"https:\/\/schema.org","@graph":[{"@type":"WebPage","@id":"https:\/\/periccamping.com\/ponuda\/fendt-510\/","url":"https:\/\/periccamping.com\/ponuda\/fendt-510\/","name":"Fendt 510 TG - PericCamping.com","isPartOf":{"@id":"https:\/\/periccamping.com\/#website"},"primaryImageOfPage":{"@id":"https:\/\/periccamping.com\/ponuda\/fendt-510\/#primaryimage"},"image":{"@id":"https:\/\/periccamping.com\/ponuda\/fendt-510\/#primaryimage"},"thumbnailUrl":"https:\/\/periccamping.com\/wp-content\/uploads\/2024\/08\/Image00006-1.jpg","datePublished":"2024-03-23T22:07:18+00:00","dateModified":"2024-08-16T12:06:24+00:00","breadcrumb":{"@id":"https:\/\/periccamping.com\/ponuda\/fendt-510\/#breadcrumb"},"inLanguage":"en-US","potentialAction":[{"@type":"ReadAction","target":["https:\/\/periccamping.com\/ponuda\/fendt-510\/"]}]},{"@type":"ImageObject","inLanguage":"en-US","@id":"https:\/\/periccamping.com\/ponuda\/fendt-510\/#primaryimage","url":"https:\/\/periccamping.com\/wp-content\/uploads\/2024\/08\/Image00006-1.jpg","contentUrl":"https:\/\/periccamping.com\/wp-content\/uploads\/2024\/08\/Image00006-1.jpg","width":804,"height":804},{"@type":"BreadcrumbList","@id":"https:\/\/periccamping.com\/ponuda\/fendt-510\/#breadcrumb","itemListElement":[{"@type":"ListItem","position":1,"name":"Home","item":"https:\/\/periccamping.com\/"},{"@type":"ListItem","position":2,"name":"Aktuelna ponuda","item":"https:\/\/periccamping.com\/aktuelna_ponuda\/"},{"@type":"ListItem","position":3,"name":"Fendt 510 TG"}]},{"@type":"WebSite","@id":"https:\/\/periccamping.com\/#website","url":"https:\/\/periccamping.com\/","name":"PericCamping.com","description":"Va\u0161a destinacija za savr\u0161ene kamp avanture","publisher":{"@id":"https:\/\/periccamping.com\/#organization"},"alternateName":"Kamp prikolice Aleksandrovac \u017dupski","potentialAction":[{"@type":"SearchAction","target":{"@type":"EntryPoint","urlTemplate":"https:\/\/periccamping.com\/?s={search_term_string}"},"query-input":"required name=search_term_string"}],"inLanguage":"en-US"},{"@type":"Organization","@id":"https:\/\/periccamping.com\/#organization","name":"PericCamping.com","url":"https:\/\/periccamping.com\/","logo":{"@type":"ImageObject","inLanguage":"en-US","@id":"https:\/\/periccamping.com\/#\/schema\/logo\/image\/","url":"https:\/\/periccamping.com\/wp-content\/uploads\/2024\/07\/8-Image-by-brgfx-on-Freepik-scaled.jpg","contentUrl":"https:\/\/periccamping.com\/wp-content\/uploads\/2024\/07\/8-Image-by-brgfx-on-Freepik-scaled.jpg","width":2560,"height":1336,"caption":"PericCamping.com"},"image":{"@id":"https:\/\/periccamping.com\/#\/schema\/logo\/image\/"},"sameAs":["https:\/\/www.facebook.com\/profile.php?id=100057091614936"]}]}},"_links":{"self":[{"href":"https:\/\/periccamping.com\/en\/wp-json\/wp\/v2\/product\/647","targetHints":{"allow":["GET"]}}],"collection":[{"href":"https:\/\/periccamping.com\/en\/wp-json\/wp\/v2\/product"}],"about":[{"href":"https:\/\/periccamping.com\/en\/wp-json\/wp\/v2\/types\/product"}],"replies":[{"embeddable":true,"href":"https:\/\/periccamping.com\/en\/wp-json\/wp\/v2\/comments?post=647"}],"wp:featuredmedia":[{"embeddable":true,"href":"https:\/\/periccamping.com\/en\/wp-json\/wp\/v2\/media\/1484"}],"wp:attachment":[{"href":"https:\/\/periccamping.com\/en\/wp-json\/wp\/v2\/media?parent=647"}],"wp:term":[{"taxonomy":"product_cat","embeddable":true,"href":"https:\/\/periccamping.com\/en\/wp-json\/wp\/v2\/product_cat?post=647"},{"taxonomy":"product_tag","embeddable":true,"href":"https:\/\/periccamping.com\/en\/wp-json\/wp\/v2\/product_tag?post=647"}],"curies":[{"name":"wp","href":"https:\/\/api.w.org\/{rel}","templated":true}]}}